{"id":240,"date":"2021-08-31T15:55:03","date_gmt":"2021-08-31T13:55:03","guid":{"rendered":"https:\/\/www.gigon.archi\/?page_id=240"},"modified":"2023-01-25T14:15:25","modified_gmt":"2023-01-25T13:15:25","slug":"contact","status":"publish","type":"page","link":"https:\/\/www.gigon.archi\/?page_id=240","title":{"rendered":"Contact &#038; Biographie"},"content":{"rendered":"<h2 style=\"text-align: center;\"><span style=\"color: #ffffff;\"><span style=\"background-color: #000000;\">Pierre GIGON Architecte &#8211; DEA \/ HMONP<\/span><\/span><\/h2>\n<p style=\"text-align: center;\"><span style=\"color: #ffffff; background-color: #000000;\">2 rue du Jura<\/span><br><span style=\"color: #ffffff; background-color: #000000;\">25600 Vieux-Charmont<\/span><br><span style=\"text-decoration: underline; color: #3366ff;\"><a style=\"color: #3366ff; text-decoration: underline;\" href=\"tel:0381942132\">+33 3 81 94 21 32<\/a><\/span><br><span style=\"text-decoration: underline; color: #3366ff;\"><a style=\"color: #3366ff; text-decoration: underline;\" href=\"mailto:gigonpierre@gmail.com\">gigonpierre@gmail.com<\/a><\/span><\/p>\n\n\n<p><\/p>\n\n\n\n<h2 class=\"wp-block-heading\" style=\"font-size:30px;font-style:normal;font-weight:600\">Biographie <\/h2>\n\n\n\n<h5 class=\"wp-block-heading\">Pierre Gigon est n\u00e9 en 1975 \u00e0 Montb\u00e9liard.<\/h5>\n\n\n\n<h5 class=\"wp-block-heading\">En 1996 il entreprend des \u00e9tudes d\u2019architecture d\u2019int\u00e9rieur \u00e0 l\u2019\u00e9cole d\u2019art MJM de Strasbourg.<\/h5>\n\n\n\n<h5 class=\"wp-block-heading\">Architecte de p\u00e8re en fils depuis 1978, il fonde son \u00ab Cabinet de Ma\u00eetrise d\u2019\u0152uvre Pierre Gigon \u00bb en 2002.<\/h5>\n\n\n\n<h5 class=\"wp-block-heading\">En parall\u00e8le de son activit\u00e9 il poursuit ses \u00e9tudes en 2006 \u00e0 l\u2019Ecole d\u2019Architecture de Strasbourg afin de pr\u00e9parer le dipl\u00f4me d\u2019Architecte d\u2019Etat.<\/h5>\n\n\n\n<h5 class=\"wp-block-heading\">Il renomme par la suite l\u2019entreprise en 2011 qui devient \u00ab&nbsp;Atelier d\u2019Architecture Pierre Gigon&nbsp;\u00bb.<\/h5>\n\n\n\n<h5 class=\"wp-block-heading\">Vingt ans plus tard, dans la r\u00e9gion Bourgogne-Franche-Comt\u00e9, il est un professionnel rigoureux et consciencieux qui vous accompagne tout au long de vos projets.<\/h5>\n\n\n\n<h5 class=\"wp-block-heading\">L\u2019architecture repr\u00e9sente une mani\u00e8re d\u2019habiter, elle est diff\u00e9rente de l\u2019art. Elle, doit \u00eatre une \u0153uvre habit\u00e9e, protectrice pour tous. Elle repr\u00e9sente des formes plurifonctionnelles favorisant les usages et l&rsquo;interaction avec la soci\u00e9t\u00e9, en g\u00e9n\u00e9ral l\u2019investissement de notre vie.<\/h5>\n","protected":false},"excerpt":{"rendered":"<p>Pierre GIGON Architecte &#8211; DEA \/ HMONP 2 rue du Jura25600 Vieux-Charmont+33 3 81 94 21 32gigonpierre@gmail.com Biographie Pierre Gigon est n\u00e9 en 1975 \u00e0 Montb\u00e9liard. En 1996 il entreprend [&hellip;]<\/p>\n","protected":false},"author":1,"featured_media":0,"parent":0,"menu_order":4,"comment_status":"closed","ping_status":"closed","template":"page-fullwidth.php","meta":{"footnotes":""},"class_list":["post-240","page","type-page","status-publish","hentry"],"yoast_head":"<!-- This site is optimized with the Yoast SEO plugin v20.6 - https:\/\/yoast.com\/wordpress\/plugins\/seo\/ -->\n<title>Contact &amp; Biographie<\/title>\n<meta name=\"robots\" content=\"index, follow, max-snippet:-1, max-image-preview:large, max-video-preview:-1\" \/>\n<link rel=\"canonical\" href=\"https:\/\/www.gigon.archi\/?page_id=240\" \/>\n<meta property=\"og:locale\" content=\"fr_FR\" \/>\n<meta property=\"og:type\" content=\"article\" \/>\n<meta property=\"og:title\" content=\"Contact &amp; Biographie\" \/>\n<meta property=\"og:description\" content=\"Pierre GIGON Architecte &#8211; DEA \/ HMONP 2 rue du Jura25600 Vieux-Charmont+33 3 81 94 21 32gigonpierre@gmail.com Biographie Pierre Gigon est n\u00e9 en 1975 \u00e0 Montb\u00e9liard. En 1996 il entreprend [&hellip;]\" \/>\n<meta property=\"og:url\" content=\"https:\/\/www.gigon.archi\/?page_id=240\" \/>\n<meta property=\"og:site_name\" content=\"AAPG\" \/>\n<meta property=\"article:publisher\" content=\"https:\/\/m.facebook.com\/pages\/category\/Architectural-Designer\/Atelier-dArchitecture-Pierre-Gigon-231237013715621\/?locale2=fr_FR\" \/>\n<meta property=\"article:modified_time\" content=\"2023-01-25T13:15:25+00:00\" \/>\n<meta name=\"twitter:card\" content=\"summary_large_image\" \/>\n<meta name=\"twitter:label1\" content=\"Dur\u00e9e de lecture estim\u00e9e\" \/>\n\t<meta name=\"twitter:data1\" content=\"1 minute\" \/>\n<script type=\"application\/ld+json\" class=\"yoast-schema-graph\">{\"@context\":\"https:\/\/schema.org\",\"@graph\":[{\"@type\":\"WebPage\",\"@id\":\"https:\/\/www.gigon.archi\/?page_id=240\",\"url\":\"https:\/\/www.gigon.archi\/?page_id=240\",\"name\":\"Contact & Biographie\",\"isPartOf\":{\"@id\":\"https:\/\/www.gigon.archi\/#website\"},\"datePublished\":\"2021-08-31T13:55:03+00:00\",\"dateModified\":\"2023-01-25T13:15:25+00:00\",\"breadcrumb\":{\"@id\":\"https:\/\/www.gigon.archi\/?page_id=240#breadcrumb\"},\"inLanguage\":\"fr-FR\",\"potentialAction\":[{\"@type\":\"ReadAction\",\"target\":[\"https:\/\/www.gigon.archi\/?page_id=240\"]}]},{\"@type\":\"BreadcrumbList\",\"@id\":\"https:\/\/www.gigon.archi\/?page_id=240#breadcrumb\",\"itemListElement\":[{\"@type\":\"ListItem\",\"position\":1,\"name\":\"Accueil\",\"item\":\"https:\/\/www.gigon.archi\/\"},{\"@type\":\"ListItem\",\"position\":2,\"name\":\"Contact &#038; Biographie\"}]},{\"@type\":\"WebSite\",\"@id\":\"https:\/\/www.gigon.archi\/#website\",\"url\":\"https:\/\/www.gigon.archi\/\",\"name\":\"AAPG\",\"description\":\"Atelier d&#039;Architecture Pierre Gigon\",\"publisher\":{\"@id\":\"https:\/\/www.gigon.archi\/#\/schema\/person\/23e305bcf08676813ee0771b59ec45f9\"},\"potentialAction\":[{\"@type\":\"SearchAction\",\"target\":{\"@type\":\"EntryPoint\",\"urlTemplate\":\"https:\/\/www.gigon.archi\/?s={search_term_string}\"},\"query-input\":\"required name=search_term_string\"}],\"inLanguage\":\"fr-FR\"},{\"@type\":[\"Person\",\"Organization\"],\"@id\":\"https:\/\/www.gigon.archi\/#\/schema\/person\/23e305bcf08676813ee0771b59ec45f9\",\"name\":\"Pierre Gigon\",\"image\":{\"@type\":\"ImageObject\",\"inLanguage\":\"fr-FR\",\"@id\":\"https:\/\/www.gigon.archi\/#\/schema\/person\/image\/\",\"url\":\"https:\/\/www.gigon.archi\/wp-content\/uploads\/2021\/09\/PIERRE.jpg\",\"contentUrl\":\"https:\/\/www.gigon.archi\/wp-content\/uploads\/2021\/09\/PIERRE.jpg\",\"width\":1181,\"height\":1181,\"caption\":\"Pierre Gigon\"},\"logo\":{\"@id\":\"https:\/\/www.gigon.archi\/#\/schema\/person\/image\/\"},\"sameAs\":[\"http:\/\/www.gigon.archi\",\"https:\/\/m.facebook.com\/pages\/category\/Architectural-Designer\/Atelier-dArchitecture-Pierre-Gigon-231237013715621\/?locale2=fr_FR\",\"https:\/\/fr.linkedin.com\/in\/pierre-gigon-51a81112a\"]}]}<\/script>\n<!-- \/ Yoast SEO plugin. -->","yoast_head_json":{"title":"Contact & Biographie","robots":{"index":"index","follow":"follow","max-snippet":"max-snippet:-1","max-image-preview":"max-image-preview:large","max-video-preview":"max-video-preview:-1"},"canonical":"https:\/\/www.gigon.archi\/?page_id=240","og_locale":"fr_FR","og_type":"article","og_title":"Contact & Biographie","og_description":"Pierre GIGON Architecte &#8211; DEA \/ HMONP 2 rue du Jura25600 Vieux-Charmont+33 3 81 94 21 32gigonpierre@gmail.com Biographie Pierre Gigon est n\u00e9 en 1975 \u00e0 Montb\u00e9liard. En 1996 il entreprend [&hellip;]","og_url":"https:\/\/www.gigon.archi\/?page_id=240","og_site_name":"AAPG","article_publisher":"https:\/\/m.facebook.com\/pages\/category\/Architectural-Designer\/Atelier-dArchitecture-Pierre-Gigon-231237013715621\/?locale2=fr_FR","article_modified_time":"2023-01-25T13:15:25+00:00","twitter_card":"summary_large_image","twitter_misc":{"Dur\u00e9e de lecture estim\u00e9e":"1 minute"},"schema":{"@context":"https:\/\/schema.org","@graph":[{"@type":"WebPage","@id":"https:\/\/www.gigon.archi\/?page_id=240","url":"https:\/\/www.gigon.archi\/?page_id=240","name":"Contact & Biographie","isPartOf":{"@id":"https:\/\/www.gigon.archi\/#website"},"datePublished":"2021-08-31T13:55:03+00:00","dateModified":"2023-01-25T13:15:25+00:00","breadcrumb":{"@id":"https:\/\/www.gigon.archi\/?page_id=240#breadcrumb"},"inLanguage":"fr-FR","potentialAction":[{"@type":"ReadAction","target":["https:\/\/www.gigon.archi\/?page_id=240"]}]},{"@type":"BreadcrumbList","@id":"https:\/\/www.gigon.archi\/?page_id=240#breadcrumb","itemListElement":[{"@type":"ListItem","position":1,"name":"Accueil","item":"https:\/\/www.gigon.archi\/"},{"@type":"ListItem","position":2,"name":"Contact &#038; Biographie"}]},{"@type":"WebSite","@id":"https:\/\/www.gigon.archi\/#website","url":"https:\/\/www.gigon.archi\/","name":"AAPG","description":"Atelier d&#039;Architecture Pierre Gigon","publisher":{"@id":"https:\/\/www.gigon.archi\/#\/schema\/person\/23e305bcf08676813ee0771b59ec45f9"},"potentialAction":[{"@type":"SearchAction","target":{"@type":"EntryPoint","urlTemplate":"https:\/\/www.gigon.archi\/?s={search_term_string}"},"query-input":"required name=search_term_string"}],"inLanguage":"fr-FR"},{"@type":["Person","Organization"],"@id":"https:\/\/www.gigon.archi\/#\/schema\/person\/23e305bcf08676813ee0771b59ec45f9","name":"Pierre Gigon","image":{"@type":"ImageObject","inLanguage":"fr-FR","@id":"https:\/\/www.gigon.archi\/#\/schema\/person\/image\/","url":"https:\/\/www.gigon.archi\/wp-content\/uploads\/2021\/09\/PIERRE.jpg","contentUrl":"https:\/\/www.gigon.archi\/wp-content\/uploads\/2021\/09\/PIERRE.jpg","width":1181,"height":1181,"caption":"Pierre Gigon"},"logo":{"@id":"https:\/\/www.gigon.archi\/#\/schema\/person\/image\/"},"sameAs":["http:\/\/www.gigon.archi","https:\/\/m.facebook.com\/pages\/category\/Architectural-Designer\/Atelier-dArchitecture-Pierre-Gigon-231237013715621\/?locale2=fr_FR","https:\/\/fr.linkedin.com\/in\/pierre-gigon-51a81112a"]}]}},"_links":{"self":[{"href":"https:\/\/www.gigon.archi\/index.php?rest_route=\/wp\/v2\/pages\/240","targetHints":{"allow":["GET"]}}],"collection":[{"href":"https:\/\/www.gigon.archi\/index.php?rest_route=\/wp\/v2\/pages"}],"about":[{"href":"https:\/\/www.gigon.archi\/index.php?rest_route=\/wp\/v2\/types\/page"}],"author":[{"embeddable":true,"href":"https:\/\/www.gigon.archi\/index.php?rest_route=\/wp\/v2\/users\/1"}],"replies":[{"embeddable":true,"href":"https:\/\/www.gigon.archi\/index.php?rest_route=%2Fwp%2Fv2%2Fcomments&post=240"}],"version-history":[{"count":47,"href":"https:\/\/www.gigon.archi\/index.php?rest_route=\/wp\/v2\/pages\/240\/revisions"}],"predecessor-version":[{"id":2556,"href":"https:\/\/www.gigon.archi\/index.php?rest_route=\/wp\/v2\/pages\/240\/revisions\/2556"}],"wp:attachment":[{"href":"https:\/\/www.gigon.archi\/index.php?rest_route=%2Fwp%2Fv2%2Fmedia&parent=240"}],"curies":[{"name":"wp","href":"https:\/\/api.w.org\/{rel}","templated":true}]}}